{"id":1929,"date":"2018-12-01T20:26:05","date_gmt":"2018-12-01T18:26:05","guid":{"rendered":"https:\/\/ebs35.ebs.ee\/?page_id=1929"},"modified":"2024-01-30T12:51:14","modified_gmt":"2024-01-30T10:51:14","slug":"references","status":"publish","type":"page","link":"https:\/\/ebs35.ebs.ee\/en\/references\/","title":{"rendered":"References"},"content":{"rendered":"<div class=\"wpb-content-wrapper\"><p>[vc_row row_type=&#8221;row&#8221; use_row_as_full_screen_section=&#8221;no&#8221; type=&#8221;full_width&#8221; text_align=&#8221;left&#8221; background_animation=&#8221;none&#8221; side_padding=&#8221;20&#8243; padding_top=&#8221;20&#8243; padding_bottom=&#8221;20&#8243; css_animation=&#8221;element_from_fade&#8221; el_id=&#8221;2. Liid + esimene sisuplokk&#8221;][vc_column width=&#8221;1\/6&#8243;][\/vc_column][vc_column css_animation=&#8221;none&#8221; width=&#8221;2\/3&#8243;][vc_empty_space height=&#8221;80px&#8221;][vc_column_text]<\/p>\n<h2>Sources used<\/h2>\n<p>Aamer, \u00dc., Kallas, K., Kalvet, M., Kuusk, M., M\u00fcller, M., Palts, M., Ruben, K., Soomets, E., Tammo, H. (1997) &#8220;Esimene&#8221; (The First). Estonian High School of Commerce yearbook 1997. Tallinn, Estonian High School of Commerce.<\/p>\n<p>Delfi.ee (2011). <em>Soome haridusministeerium suhtub EBS-i filiaali k\u00f5hklevalt (Finnish Ministry of Education has resevarions about the EBS branch). <\/em>17th June. <a href=\"http:\/\/www.delfi.ee\/news\/paevauudised\/eesti\/soome-haridusministeerium-suhtub-ebs-i-filiaali-kohklevalt?id=47996307\" target=\"_blank\" rel=\"noopener\">http:\/\/www.delfi.ee\/news\/paevauudised\/eesti\/soome-haridusministeerium-suhtub-ebs-i-filiaali-kohklevalt?id=47996307<\/a>.<\/p>\n<p>EBS homepage <a href=\"http:\/\/www.ebs.ee\" target=\"_blank\" rel=\"noopener\">www.ebs.ee<\/a>.<\/p>\n<p>EBS Review since 1995.<\/p>\n<p>EBS Professors&#8217; Newsletter \/ EBS Newsletter since 1995.<\/p>\n<p>Estonian ENIC\/NARIC centre (2017). Higher education institutions in Estonia (1990\u20132017). <a href=\"http:\/\/adm.archimedes.ee\/enic\/en\/haridussusteem\/korgkoolid\/korgkoolid-eestis-1990-2011\" target=\"_blank\" rel=\"noopener\">http:\/\/adm.archimedes.ee\/enic\/en\/haridussusteem\/korgkoolid\/korgkoolid-eestis-1990-2011<\/a>.<\/p>\n<p>Eesti Rahvusringh\u00e4\u00e4ling (Estonian Public Broadcasting) (2013). &#8220;T\u00e4helaev&#8221; (&#8220;Starship&#8221;). ERR, 15th September.<\/p>\n<p>EHSC Student Paper \/ EBS Student Paper \/ EBS Business Spirit \/ The Ebster since 1995.<\/p>\n<p>Estonian Business School (2000). M\u00f5te (<em>Thought<\/em>) (1). Tallinn, Estonian Business School.<\/p>\n<p>Estonian Business School (2003). &#8220;Viisteist tulevikule p\u00fchendatud aastat&#8221; (&#8220;<em>Fifteen years of dedication to the future<\/em>&#8220;). Tallinn, Estonian Business School.<\/p>\n<p>Estonian Business School (2003). &#8220;EBS 2003&#8221;. EBS yearbook 2003. Tallinn, Estonian Business School.<\/p>\n<p>Estonian Business School (2005). &#8220;EBS-i \u00f5ppej\u00f5ud&#8221; (&#8220;<em>The EBS Professors<\/em>&#8220;). Tallinn, Estonian Business School.<\/p>\n<p>Estonian Business School (2009). &#8220;Estonian Business School 20&#8221;. Tallinn, Estonian Business School.<\/p>\n<p>Habakuk, M. (year not noted). Eesti K\u00f5rgema Kommertskooli ajalugu (<em>History of the Estonian High School of Commerce<\/em>).<\/p>\n<p>Habakuk, M. (1997). <em>Parima majandushariduse saab Eesti K\u00f5rgemas Kommertskoolis<\/em> (<em>The best economic education can be obtained at the Estonian High School of Commerce<\/em>). \u00d5petajate Leht, 21st March, pg 8\u20139.<\/p>\n<p>Juhtimine.ee (2011). <em>Palun mulle \u00fcks teadlane ja kaks \u00fcli\u00f5pilast!<\/em> (<em>A scientist and two students for me, please!<\/em>) <a href=\"http:\/\/www.rup.ee\" target=\"_blank\" rel=\"noopener\">www.rup.ee<\/a>, 7th July. <a href=\"http:\/\/rup.ee\/too-igus-ja-toosuhted\/artiklid\/palun-mulle-uks-teadlane-ja-kaks-uli-pilast\" target=\"_blank\" rel=\"noopener\">http:\/\/rup.ee\/too-igus-ja-toosuhted\/artiklid\/palun-mulle-uks-teadlane-ja-kaks-uli-pilast<\/a>.<\/p>\n<p>Kallas, R. (2007). <em>EBS teeb koost\u00f6\u00f6d Lancasteri \u00fclikooliga<\/em>\u00a0(<em>EBS collaborates with Lancaster University<\/em>) \u00c4rileht, 4th June. <a href=\"http:\/\/arileht.delfi.ee\/news\/uudised\/ebs-teeb-koostood-lancasteri-ulikooliga?id=51089518\" target=\"_blank\" rel=\"noopener\">http:\/\/arileht.delfi.ee\/news\/uudised\/ebs-teeb-koostood-lancasteri-ulikooliga?id=51089518<\/a>.<\/p>\n<p>Keian, A. (2001). <em>Hiinlased tulevad EBS-i \u00f5ppima<\/em>\u00a0(<em>The Chinese are coming to study at EBS<\/em>). Postimees, 3rd July. <a href=\"https:\/\/www.postimees.ee\/1876997\/hiinlased-tulevad-ebs-i-oppima\" target=\"_blank\" rel=\"noopener\">https:\/\/www.postimees.ee\/1876997\/hiinlased-tulevad-ebs-i-oppima<\/a>.<\/p>\n<p>Kello, K. (2013). <em>EBS Eesti-Soome \u00e4riharidusmaastikul<\/em>\u00a0(<em>EBS on the Estonian-Finnish business education landscape<\/em>). \u00d5petajate Leht, 12nd April. <a href=\"http:\/\/opleht.ee\/2013\/04\/ebs-eesti-soome-ariharidusmaastikul\" target=\"_blank\" rel=\"noopener\">http:\/\/opleht.ee\/2013\/04\/ebs-eesti-soome-ariharidusmaastikul<\/a>.<\/p>\n<p>Laev, S. (2001). <em>Hiinlased n\u00f5udlevad \u00e4riharidust<\/em>\u00a0(<em>The Chinese are in demand of business education<\/em>). Eesti P\u00e4evaleht, 5th July. <a href=\"http:\/\/epl.delfi.ee\/news\/eesti\/hiinlased-noudlevad-ariharidust?id=50805861\" target=\"_blank\" rel=\"noopener\">http:\/\/epl.delfi.ee\/news\/eesti\/hiinlased-noudlevad-ariharidust?id=50805861<\/a>.<\/p>\n<p>Laev, S. (2006). <em>EBS-is massiliselt lapsi j\u00e4reltundides<\/em>\u00a0(<em>EBS has masses of children in after-hours studies<\/em>). Eesti P\u00e4evaleht, 2nd February. <a href=\"http:\/\/epl.delfi.ee\/news\/eesti\/ebs-is-massiliselt-lapsi-jareltundides?id=51029735\" target=\"_blank\" rel=\"noopener\">http:\/\/epl.delfi.ee\/news\/eesti\/ebs-is-massiliselt-lapsi-jareltundides?id=51029735<\/a>.<\/p>\n<p>Maanso, S. (2008). <em>EBS G\u00fcmnaasium \u2013 v\u00e4ike s\u00f5bralik kool kesklinnas<\/em>\u00a0(<em>EBS Gymnasium \u2013 a small friendly school in the city centre<\/em>). \u00d5petajate Leht, 29th February, pg 10.<\/p>\n<p>Meerits, A. (1997). <em>Eesti K\u00f5rgem Kommertskool \u2013 m\u00fc\u00fcdid ja tegelikkus<\/em>\u00a0(<em>The Estonian High School of Commerce \u2013 facts and fiction<\/em>). \u00d5petajate Leht, 21st March, pg 8.<\/p>\n<p>Meie Maa (2003). <em>EBS Saaremaa Kolled\u017e l\u00f5petas tegevuse<\/em>\u00a0(<em>EBS Saaremaa College has closed down<\/em>). Meie Maa, 21st June.\u00a0<a href=\"https:\/\/www.meiemaa.ee\/index.php?content=artiklid&amp;sub=1&amp;artid=8249&amp;term=ebs%20saaremaa\" target=\"_blank\" rel=\"noopener\">https:\/\/www.meiemaa.ee\/index.php?content=artiklid&amp;sub=1&amp;artid=8249&amp;term=ebs%20saaremaa<\/a>.<\/p>\n<p>Must, M. (2013). <em>Eesti k\u00f5rgkool \u00f5petab p\u00f5hjanaabreid \u00e4ri ajama<\/em>\u00a0(<em>Estonian high school teaching Northern neighbours how to do business<\/em>). Eesti P\u00e4evaleht, 5th January. <a href=\"http:\/\/epl.delfi.ee\/news\/eesti\/eesti-korgkool-opetab-pohjanaabreid-ari-ajama?id=65490606\" target=\"_blank\" rel=\"noopener\">http:\/\/epl.delfi.ee\/news\/eesti\/eesti-korgkool-opetab-pohjanaabreid-ari-ajama?id=65490606<\/a>.<\/p>\n<p>Prime Minister Edgar Savisaar&#8217;s government programme. Tallinn, 16th May 1990.<\/p>\n<p>Talvik, K., Randver, F., Lume, S., Kirtsi, P. (2000) &#8220;YB 2000: 4th coming&#8221;. Estonian High School of Commerce yearbook 2000. Tallinn, Estonian High School of Commerce.<\/p>\n<p>Saarte H\u00e4\u00e4l (2014). <em>Koolituskeskus Osilia ootab magistri\u00f5ppehuvilisi<\/em>\u00a0(&#8220;<em>Training centre Osilia waiting for students interested in Master&#8217;s studies&#8221;<\/em>). Saarte H\u00e4\u00e4l, 4th November. <a href=\"https:\/\/www.saartehaal.ee\/2014\/11\/04\/koolituskeskus-osilia-ootab-magistrioppehuvilisi\/\" target=\"_blank\" rel=\"noopener\">https:\/\/www.saartehaal.ee\/2014\/11\/04\/koolituskeskus-osilia-ootab-magistrioppehuvilisi\/<\/a>.<\/p>\n<p>Tammo, H., Vaht, T., Liigand, Lume, S., J., S\u00fcsi, V., Vaga, K. (1998). &#8220;Next Step&#8221;. Estonian High School of Commerce yearbook 1998.\u00a0 Tallinn, Estonian High School of Commerce.<\/p>\n<p>&nbsp;<\/p>\n<h2>Photo credit:<\/h2>\n<p>EBS photo archive, private archives, Ardo Kaljuvee, Andres Raudjalg, Villu Kraan (\u00c4rip\u00e4ev), Liis Treimann (Postimees), Toomas Huik (Postimees\/Scanpix), Toomas Volmer (Ekspress Meedia\/Scanpix) Priit Simson (Ekspress Meedia), Vanessa Yasmine Birgitta Roosmets, Rico Veskiv\u00e4li, Elmo Pitk\u00e4nen, Karmen Kotter, \u00a0Kriss Soonik-K\u00e4\u00e4rmann, Kretel Kuusk, Heli Lehtsaar-Karma, Eduniversal, Rudiecast (Shutterstock), Krivinis (Shutterstock), JLL (Shutterstock).<\/p>\n<p>Front page: Rauno Liivand<\/p>\n<h2>Video credit:<\/h2>\n<p>Marko Levo, Ivo Niglas, Estonian Public Broadcasting, Wolf3D, Kirill Vlassov.<\/p>\n<p>[\/vc_column_text][vc_empty_space height=&#8221;120px&#8221;][\/vc_column][vc_column width=&#8221;1\/6&#8243;][\/vc_column][\/vc_row]<\/p>\n<\/div>","protected":false},"excerpt":{"rendered":"<p>[vc_row row_type=&#8221;row&#8221; use_row_as_full_screen_section=&#8221;no&#8221; type=&#8221;full_width&#8221; text_align=&#8221;left&#8221; background_animation=&#8221;none&#8221; side_padding=&#8221;20&#8243; padding_top=&#8221;20&#8243; padding_bottom=&#8221;20&#8243; css_animation=&#8221;element_from_fade&#8221; el_id=&#8221;2. Liid + esimene sisuplokk&#8221;][vc_column width=&#8221;1\/6&#8243;][\/vc_column][vc_column css_animation=&#8221;none&#8221; width=&#8221;2\/3&#8243;][vc_empty_space height=&#8221;80px&#8221;][vc_column_text] Sources used Aamer, \u00dc., Kallas, K., Kalvet, M., Kuusk, M., M\u00fcller, M., Palts, M., Ruben, K., Soomets, E., Tammo, H. (1997) &#8220;Esimene&#8221; (The First). Estonian High&#8230;<\/p>\n","protected":false},"author":1,"featured_media":0,"parent":0,"menu_order":0,"comment_status":"closed","ping_status":"closed","template":"full_width.php","meta":{"footnotes":""},"yoast_head":"<!-- This site is optimized with the Yoast SEO plugin v21.9.1 - https:\/\/yoast.com\/wordpress\/plugins\/seo\/ -->\n<title>References - EBS35<\/title>\n<meta name=\"robots\" content=\"index, follow, max-snippet:-1, max-image-preview:large, max-video-preview:-1\" \/>\n<link rel=\"canonical\" href=\"https:\/\/ebs35.ebs.ee\/en\/references\/\" \/>\n<meta property=\"og:locale\" content=\"en_US\" \/>\n<meta property=\"og:type\" content=\"article\" \/>\n<meta property=\"og:title\" content=\"References - EBS35\" \/>\n<meta property=\"og:description\" content=\"[vc_row row_type=&#8221;row&#8221; use_row_as_full_screen_section=&#8221;no&#8221; type=&#8221;full_width&#8221; text_align=&#8221;left&#8221; background_animation=&#8221;none&#8221; side_padding=&#8221;20&#8243; padding_top=&#8221;20&#8243; padding_bottom=&#8221;20&#8243; css_animation=&#8221;element_from_fade&#8221; el_id=&#8221;2. Liid + esimene sisuplokk&#8221;][vc_column width=&#8221;1\/6&#8243;][\/vc_column][vc_column css_animation=&#8221;none&#8221; width=&#8221;2\/3&#8243;][vc_empty_space height=&#8221;80px&#8221;][vc_column_text] Sources used Aamer, \u00dc., Kallas, K., Kalvet, M., Kuusk, M., M\u00fcller, M., Palts, M., Ruben, K., Soomets, E., Tammo, H. (1997) &#8220;Esimene&#8221; (The First). Estonian High...\" \/>\n<meta property=\"og:url\" content=\"https:\/\/ebs35.ebs.ee\/en\/references\/\" \/>\n<meta property=\"og:site_name\" content=\"EBS35\" \/>\n<meta property=\"article:publisher\" content=\"https:\/\/www.facebook.com\/Estonian.Business.School\" \/>\n<meta property=\"article:modified_time\" content=\"2024-01-30T10:51:14+00:00\" \/>\n<meta name=\"twitter:card\" content=\"summary_large_image\" \/>\n<meta name=\"twitter:label1\" content=\"Est. reading time\" \/>\n\t<meta name=\"twitter:data1\" content=\"4 minutes\" \/>\n<script type=\"application\/ld+json\" class=\"yoast-schema-graph\">{\"@context\":\"https:\/\/schema.org\",\"@graph\":[{\"@type\":\"WebPage\",\"@id\":\"https:\/\/ebs35.ebs.ee\/en\/references\/\",\"url\":\"https:\/\/ebs35.ebs.ee\/en\/references\/\",\"name\":\"References - EBS35\",\"isPartOf\":{\"@id\":\"https:\/\/ebs35.ebs.ee\/#website\"},\"datePublished\":\"2018-12-01T18:26:05+00:00\",\"dateModified\":\"2024-01-30T10:51:14+00:00\",\"breadcrumb\":{\"@id\":\"https:\/\/ebs35.ebs.ee\/en\/references\/#breadcrumb\"},\"inLanguage\":\"en-US\",\"potentialAction\":[{\"@type\":\"ReadAction\",\"target\":[\"https:\/\/ebs35.ebs.ee\/en\/references\/\"]}]},{\"@type\":\"BreadcrumbList\",\"@id\":\"https:\/\/ebs35.ebs.ee\/en\/references\/#breadcrumb\",\"itemListElement\":[{\"@type\":\"ListItem\",\"position\":1,\"name\":\"Home\",\"item\":\"https:\/\/ebs35.ebs.ee\/en\/\"},{\"@type\":\"ListItem\",\"position\":2,\"name\":\"References\"}]},{\"@type\":\"WebSite\",\"@id\":\"https:\/\/ebs35.ebs.ee\/#website\",\"url\":\"https:\/\/ebs35.ebs.ee\/\",\"name\":\"EBS35\",\"description\":\"35 tulevikule p\u00fchendatud aastat\",\"publisher\":{\"@id\":\"https:\/\/ebs35.ebs.ee\/#organization\"},\"potentialAction\":[{\"@type\":\"SearchAction\",\"target\":{\"@type\":\"EntryPoint\",\"urlTemplate\":\"https:\/\/ebs35.ebs.ee\/?s={search_term_string}\"},\"query-input\":\"required name=search_term_string\"}],\"inLanguage\":\"en-US\"},{\"@type\":\"Organization\",\"@id\":\"https:\/\/ebs35.ebs.ee\/#organization\",\"name\":\"EBS35\",\"url\":\"https:\/\/ebs35.ebs.ee\/\",\"logo\":{\"@type\":\"ImageObject\",\"inLanguage\":\"en-US\",\"@id\":\"https:\/\/ebs35.ebs.ee\/#\/schema\/logo\/image\/\",\"url\":\"https:\/\/ebs35.ebs.ee\/wp-content\/uploads\/2024\/01\/EBS-35-UUS-logo-00.webp\",\"contentUrl\":\"https:\/\/ebs35.ebs.ee\/wp-content\/uploads\/2024\/01\/EBS-35-UUS-logo-00.webp\",\"width\":1683,\"height\":1633,\"caption\":\"EBS35\"},\"image\":{\"@id\":\"https:\/\/ebs35.ebs.ee\/#\/schema\/logo\/image\/\"},\"sameAs\":[\"https:\/\/www.facebook.com\/Estonian.Business.School\",\"https:\/\/www.instagram.com\/ebs_uni\/\",\"http:\/\/www.linkedin.com\/company\/estonian-business-school\"]}]}<\/script>\n<!-- \/ Yoast SEO plugin. -->","yoast_head_json":{"title":"References - EBS35","robots":{"index":"index","follow":"follow","max-snippet":"max-snippet:-1","max-image-preview":"max-image-preview:large","max-video-preview":"max-video-preview:-1"},"canonical":"https:\/\/ebs35.ebs.ee\/en\/references\/","og_locale":"en_US","og_type":"article","og_title":"References - EBS35","og_description":"[vc_row row_type=&#8221;row&#8221; use_row_as_full_screen_section=&#8221;no&#8221; type=&#8221;full_width&#8221; text_align=&#8221;left&#8221; background_animation=&#8221;none&#8221; side_padding=&#8221;20&#8243; padding_top=&#8221;20&#8243; padding_bottom=&#8221;20&#8243; css_animation=&#8221;element_from_fade&#8221; el_id=&#8221;2. Liid + esimene sisuplokk&#8221;][vc_column width=&#8221;1\/6&#8243;][\/vc_column][vc_column css_animation=&#8221;none&#8221; width=&#8221;2\/3&#8243;][vc_empty_space height=&#8221;80px&#8221;][vc_column_text] Sources used Aamer, \u00dc., Kallas, K., Kalvet, M., Kuusk, M., M\u00fcller, M., Palts, M., Ruben, K., Soomets, E., Tammo, H. (1997) &#8220;Esimene&#8221; (The First). Estonian High...","og_url":"https:\/\/ebs35.ebs.ee\/en\/references\/","og_site_name":"EBS35","article_publisher":"https:\/\/www.facebook.com\/Estonian.Business.School","article_modified_time":"2024-01-30T10:51:14+00:00","twitter_card":"summary_large_image","twitter_misc":{"Est. reading time":"4 minutes"},"schema":{"@context":"https:\/\/schema.org","@graph":[{"@type":"WebPage","@id":"https:\/\/ebs35.ebs.ee\/en\/references\/","url":"https:\/\/ebs35.ebs.ee\/en\/references\/","name":"References - EBS35","isPartOf":{"@id":"https:\/\/ebs35.ebs.ee\/#website"},"datePublished":"2018-12-01T18:26:05+00:00","dateModified":"2024-01-30T10:51:14+00:00","breadcrumb":{"@id":"https:\/\/ebs35.ebs.ee\/en\/references\/#breadcrumb"},"inLanguage":"en-US","potentialAction":[{"@type":"ReadAction","target":["https:\/\/ebs35.ebs.ee\/en\/references\/"]}]},{"@type":"BreadcrumbList","@id":"https:\/\/ebs35.ebs.ee\/en\/references\/#breadcrumb","itemListElement":[{"@type":"ListItem","position":1,"name":"Home","item":"https:\/\/ebs35.ebs.ee\/en\/"},{"@type":"ListItem","position":2,"name":"References"}]},{"@type":"WebSite","@id":"https:\/\/ebs35.ebs.ee\/#website","url":"https:\/\/ebs35.ebs.ee\/","name":"EBS35","description":"35 tulevikule p\u00fchendatud aastat","publisher":{"@id":"https:\/\/ebs35.ebs.ee\/#organization"},"potentialAction":[{"@type":"SearchAction","target":{"@type":"EntryPoint","urlTemplate":"https:\/\/ebs35.ebs.ee\/?s={search_term_string}"},"query-input":"required name=search_term_string"}],"inLanguage":"en-US"},{"@type":"Organization","@id":"https:\/\/ebs35.ebs.ee\/#organization","name":"EBS35","url":"https:\/\/ebs35.ebs.ee\/","logo":{"@type":"ImageObject","inLanguage":"en-US","@id":"https:\/\/ebs35.ebs.ee\/#\/schema\/logo\/image\/","url":"https:\/\/ebs35.ebs.ee\/wp-content\/uploads\/2024\/01\/EBS-35-UUS-logo-00.webp","contentUrl":"https:\/\/ebs35.ebs.ee\/wp-content\/uploads\/2024\/01\/EBS-35-UUS-logo-00.webp","width":1683,"height":1633,"caption":"EBS35"},"image":{"@id":"https:\/\/ebs35.ebs.ee\/#\/schema\/logo\/image\/"},"sameAs":["https:\/\/www.facebook.com\/Estonian.Business.School","https:\/\/www.instagram.com\/ebs_uni\/","http:\/\/www.linkedin.com\/company\/estonian-business-school"]}]}},"_links":{"self":[{"href":"https:\/\/ebs35.ebs.ee\/en\/wp-json\/wp\/v2\/pages\/1929"}],"collection":[{"href":"https:\/\/ebs35.ebs.ee\/en\/wp-json\/wp\/v2\/pages"}],"about":[{"href":"https:\/\/ebs35.ebs.ee\/en\/wp-json\/wp\/v2\/types\/page"}],"author":[{"embeddable":true,"href":"https:\/\/ebs35.ebs.ee\/en\/wp-json\/wp\/v2\/users\/1"}],"replies":[{"embeddable":true,"href":"https:\/\/ebs35.ebs.ee\/en\/wp-json\/wp\/v2\/comments?post=1929"}],"version-history":[{"count":11,"href":"https:\/\/ebs35.ebs.ee\/en\/wp-json\/wp\/v2\/pages\/1929\/revisions"}],"predecessor-version":[{"id":3202,"href":"https:\/\/ebs35.ebs.ee\/en\/wp-json\/wp\/v2\/pages\/1929\/revisions\/3202"}],"wp:attachment":[{"href":"https:\/\/ebs35.ebs.ee\/en\/wp-json\/wp\/v2\/media?parent=1929"}],"curies":[{"name":"wp","href":"https:\/\/api.w.org\/{rel}","templated":true}]}}